{"id":253,"date":"2021-06-03T11:48:46","date_gmt":"2021-06-03T08:48:46","guid":{"rendered":"https:\/\/kemalcizoglu.com.tr\/kayra1\/?page_id=253"},"modified":"2026-02-27T19:30:13","modified_gmt":"2026-02-27T19:30:13","slug":"ana-sayfa-3","status":"publish","type":"page","link":"https:\/\/denizlercevre.com\/","title":{"rendered":"Ana Sayfa 3"},"content":{"rendered":"<div id=\"pl-253\"  class=\"panel-layout\" ><div id=\"pg-253-0\"  class=\"panel-grid panel-has-style\" ><div class=\"panel-row-style panel-row-style-for-253-0\" ><div id=\"pgc-253-0-0\"  class=\"panel-grid-cell\" ><div id=\"panel-253-0-0-0\" class=\"so-panel widget widget_posts-list-widget-2 posts-list panel-first-child panel-last-child\" data-index=\"0\" >\t\t\n\t\t\n\t<style>.k-widget-2 .item{height:500px}<\/style>\t\t\n\t\t\n\t<section class=\"k-widget-2 k_posts-list-widget-2-25310000 carousel-1 owl-carousel owl-theme\">\n\n\t\t\t\t\t<div class=\"item\">\n\t\t\t<a href=\"https:\/\/denizlercevre.com\/index.php\/2026\/02\/24\/tmmob-tescilli-muhendislik-hizmeti\/\" title=\"TMMOB TESC\u0130LL\u0130 M\u00dcHEND\u0130SL\u0130K H\u0130ZMET\u0130\" rel=\"bookmark\">\n\t\t\t\t<div class=\"post-thumbnail\">\n\t\t\t\t\t<img loading=\"lazy\" decoding=\"async\" src=\"https:\/\/denizlercevre.com\/wp-content\/uploads\/2026\/02\/tmmob-tescili.jpg\" srcset=\"https:\/\/denizlercevre.com\/wp-content\/uploads\/2026\/02\/tmmob-tescili.jpg 1490w, https:\/\/denizlercevre.com\/wp-content\/uploads\/2026\/02\/tmmob-tescili-300x125.jpg 300w, https:\/\/denizlercevre.com\/wp-content\/uploads\/2026\/02\/tmmob-tescili-1024x426.jpg 1024w, https:\/\/denizlercevre.com\/wp-content\/uploads\/2026\/02\/tmmob-tescili-768x320.jpg 768w, https:\/\/denizlercevre.com\/wp-content\/uploads\/2026\/02\/tmmob-tescili-380x158.jpg 380w, https:\/\/denizlercevre.com\/wp-content\/uploads\/2026\/02\/tmmob-tescili-825x343.jpg 825w\" sizes=\"auto, (max-width: 825px) 100vw, 825px\" title=\"TMMOB TESC\u0130LL\u0130 M\u00dcHEND\u0130SL\u0130K H\u0130ZMET\u0130\" alt=\"TMMOB TESC\u0130LL\u0130 M\u00dcHEND\u0130SL\u0130K H\u0130ZMET\u0130\" width=\"1200\" height=\"500\" class=\"\" \/>\t\t\t\t<\/div><!-- post-thumbnail \/-->\n\t\t\t\n\t\t\t\t\n\t\t\t\t<span class=\"overlay\"><\/span>\n\t\t\t\t<div class=\"article-post-format\"><i class=\"fa fa-text\"><\/i><\/div>\n\t\t\t\t<\/a>\n\t\t\t\t\n\t\t\t\t\t\t\t\t\t\t\t\t\t\t\t\t\n\t\t\t\t<div class=\"posts-information\">\n\t\t\t\t\n\t\t\t\t<ul>\n\t\t\t\t\n\t\t\t\t<li><a href=\"https:\/\/denizlercevre.com\/index.php\/category\/genel\/\">Genel<\/a><\/li>\n\t\t\t\t\n\t\t\t\t\t\n\t\t\t\t<li><i class=\"fa fa-eye\"><\/i> 50<\/li>\n\t\t\t\t\t\t\t\t\n\t\t\t\t\t\t\t\t\n\t\t\t\t\t\n\t\t\t\t<li><i class=\"fa fa-calendar\"><\/i> 24 \u015eubat 2026<\/li>\n\t\t\t\t\t\t\t\t\n\t\t\t\t<\/ul>\n\t\t\t\t\n\t\t\t\t<\/div><!-- .posts-information -->\n\t\t\t\t\n\t\t\t\t<\/div><!-- .item -->\n\t\t\t\t\t\t<div class=\"item\">\n\t\t\t<a href=\"https:\/\/denizlercevre.com\/index.php\/2021\/06\/02\/bu-park-keyfinize-keyif-katiyor\/\" title=\"\u00c7ED RAPORU &#038; \u00c7EVRE \u0130Z\u0130N S\u00dcRE\u00c7LER\u0130\" rel=\"bookmark\">\n\t\t\t\t<div class=\"post-thumbnail\">\n\t\t\t\t\t<img loading=\"lazy\" decoding=\"async\" src=\"https:\/\/denizlercevre.com\/wp-content\/uploads\/2021\/06\/ced-raporu.jpg\" srcset=\"https:\/\/denizlercevre.com\/wp-content\/uploads\/2021\/06\/ced-raporu.jpg 1490w, https:\/\/denizlercevre.com\/wp-content\/uploads\/2021\/06\/ced-raporu-300x125.jpg 300w, https:\/\/denizlercevre.com\/wp-content\/uploads\/2021\/06\/ced-raporu-1024x426.jpg 1024w, https:\/\/denizlercevre.com\/wp-content\/uploads\/2021\/06\/ced-raporu-768x320.jpg 768w, https:\/\/denizlercevre.com\/wp-content\/uploads\/2021\/06\/ced-raporu-380x158.jpg 380w, https:\/\/denizlercevre.com\/wp-content\/uploads\/2021\/06\/ced-raporu-825x343.jpg 825w\" sizes=\"auto, (max-width: 825px) 100vw, 825px\" title=\"\u00c7ED RAPORU &#038; \u00c7EVRE \u0130Z\u0130N S\u00dcRE\u00c7LER\u0130\" alt=\"\u00c7ED RAPORU &#038; \u00c7EVRE \u0130Z\u0130N S\u00dcRE\u00c7LER\u0130\" width=\"1200\" height=\"500\" class=\"\" \/>\t\t\t\t<\/div><!-- post-thumbnail \/-->\n\t\t\t\n\t\t\t\t\n\t\t\t\t<span class=\"overlay\"><\/span>\n\t\t\t\t<div class=\"article-post-format\"><i class=\"fa fa-video-camera\"><\/i><\/div>\n\t\t\t\t<\/a>\n\t\t\t\t\n\t\t\t\t\t\t\t\t\t\t\t\t\t\t\t\t\n\t\t\t\t<div class=\"posts-information\">\n\t\t\t\t\n\t\t\t\t<ul>\n\t\t\t\t\n\t\t\t\t<li><a href=\"https:\/\/denizlercevre.com\/index.php\/category\/genel\/\">Genel<\/a><\/li>\n\t\t\t\t\n\t\t\t\t\t\n\t\t\t\t<li><i class=\"fa fa-eye\"><\/i> 44<\/li>\n\t\t\t\t\t\t\t\t\n\t\t\t\t\t\t\t\t\n\t\t\t\t\t\n\t\t\t\t<li><i class=\"fa fa-calendar\"><\/i> 02 Haziran 2021<\/li>\n\t\t\t\t\t\t\t\t\n\t\t\t\t<\/ul>\n\t\t\t\t\n\t\t\t\t<\/div><!-- .posts-information -->\n\t\t\t\t\n\t\t\t\t<\/div><!-- .item -->\n\t\t\t\t\t\t<div class=\"item\">\n\t\t\t<a href=\"https:\/\/denizlercevre.com\/index.php\/2021\/06\/02\/tmmob-tescilli-jeoloji-ve-cevre-muhendislik-hizmeti\/\" title=\"TMMOB Tescilli Jeoloji ve \u00c7evre M\u00fchendislik Hizmeti\" rel=\"bookmark\">\n\t\t\t\t<div class=\"post-thumbnail\">\n\t\t\t\t\t<img loading=\"lazy\" decoding=\"async\" src=\"https:\/\/denizlercevre.com\/wp-content\/uploads\/2021\/06\/res1son.jpg\" srcset=\"https:\/\/denizlercevre.com\/wp-content\/uploads\/2021\/06\/res1son.jpg 1490w, https:\/\/denizlercevre.com\/wp-content\/uploads\/2021\/06\/res1son-300x125.jpg 300w, https:\/\/denizlercevre.com\/wp-content\/uploads\/2021\/06\/res1son-1024x426.jpg 1024w, https:\/\/denizlercevre.com\/wp-content\/uploads\/2021\/06\/res1son-768x320.jpg 768w, https:\/\/denizlercevre.com\/wp-content\/uploads\/2021\/06\/res1son-380x158.jpg 380w, https:\/\/denizlercevre.com\/wp-content\/uploads\/2021\/06\/res1son-825x343.jpg 825w\" sizes=\"auto, (max-width: 825px) 100vw, 825px\" title=\"TMMOB Tescilli Jeoloji ve \u00c7evre M\u00fchendislik Hizmeti\" alt=\"TMMOB Tescilli Jeoloji ve \u00c7evre M\u00fchendislik Hizmeti\" width=\"1200\" height=\"500\" class=\"\" \/>\t\t\t\t<\/div><!-- post-thumbnail \/-->\n\t\t\t\n\t\t\t\t\n\t\t\t\t<span class=\"overlay\"><\/span>\n\t\t\t\t<div class=\"article-post-format\"><i class=\"fa fa-image\"><\/i><\/div>\n\t\t\t\t<\/a>\n\t\t\t\t\n\t\t\t\t\t\t\t\t\t\t\t\t\t\t\t\t\n\t\t\t\t<div class=\"posts-information\">\n\t\t\t\t\n\t\t\t\t<ul>\n\t\t\t\t\n\t\t\t\t<li><a href=\"https:\/\/denizlercevre.com\/index.php\/category\/genel\/\">Genel<\/a><\/li>\n\t\t\t\t\n\t\t\t\t\t\n\t\t\t\t<li><i class=\"fa fa-eye\"><\/i> 51<\/li>\n\t\t\t\t\t\t\t\t\n\t\t\t\t\t\t\t\t\n\t\t\t\t\t\n\t\t\t\t<li><i class=\"fa fa-calendar\"><\/i> 02 Haziran 2021<\/li>\n\t\t\t\t\t\t\t\t\n\t\t\t\t<\/ul>\n\t\t\t\t\n\t\t\t\t<\/div><!-- .posts-information -->\n\t\t\t\t\n\t\t\t\t<\/div><!-- .item -->\n\t\n\t<\/section><!-- .k-widget-2 section-->\n\t\n\t\t<div class=\"clear\"><\/div>\n\t<\/div><\/div><\/div><\/div><div id=\"pg-253-1\"  class=\"panel-grid panel-no-style\" ><div id=\"pgc-253-1-0\"  class=\"panel-grid-cell\" ><div id=\"panel-253-1-0-0\" class=\"so-panel widget widget_posts-list-widget posts-list panel-first-child panel-last-child\" data-index=\"1\" >\n\t <style>.k_posts-list-widget-25310001 ul li > .post-thumbnail > .article-category a{background-color:#f44336}.k_posts-list-widget-25310001 ul li > .k-widget-4-post-details > a{color:#000}<\/style>\t\n\n\t<section class=\"k-widget-4 k_posts-list-widget-25310001\">\n\t<ul>\n\n\n\t\t\t\t\t<li>\n\t\t\t\t<div class=\"post-thumbnail h-shine\">\n\t\t\t\t\t<a href=\"https:\/\/denizlercevre.com\/index.php\/2026\/02\/24\/atik-yonetimi-hizmetlerimiz\/\" title=\"At\u0131k Y\u00f6netimi Hizmetlerimiz\">\n\t\t\t\t\t<img loading=\"lazy\" decoding=\"async\" src=\"https:\/\/denizlercevre.com\/wp-content\/uploads\/2026\/02\/atik-yonwetim-380x220.jpg\" title=\"At\u0131k Y\u00f6netimi Hizmetlerimiz\" alt=\"At\u0131k Y\u00f6netimi Hizmetlerimiz\" width=\"380\" height=\"220\" class=\"\" \/>\t\t\t\t<\/a>\t\t\n\t\t\t\t\n\t\t\t\t\t\t\t\t\t\t\t\t\t\t\t\t\n\t\t\t\t<div class=\"article-category\"><a href=\"https:\/\/denizlercevre.com\/index.php\/category\/hizmetler\/\">\n\t\t\t\tHizmetler<\/a>\n\t\t\t\t<\/div>\n\t\t\t\t\n\t\t\t\t<div class=\"article-post-format\"><i class=\"fa fa-text\"><\/i><\/div>\n\n\t\t\t\t\n\t\t\t\t<\/div><!-- post-thumbnail \/-->\n\t\n\t\t\t\n\n\t\t\t\n\t\t\t\t<div class=\"k-widget-4-post-details\">\n\t\t\t\n\t\t\t\t<a href=\"https:\/\/denizlercevre.com\/index.php\/2026\/02\/24\/atik-yonetimi-hizmetlerimiz\/\" title=\"At\u0131k Y\u00f6netimi Hizmetlerimiz\"><h3>At\u0131k Y\u00f6netimi Hizmetlerimiz<\/h3><\/a>\n\t\t\t\t<p class=\"post-excerpt\">Denizler \u00c7evre olarak i\u015fletmelerin \u00e7evre mevzuat\u0131na tam uyum sa\u011flamas\u0131 i\u00e7in profesyonel at\u0131k y\u00f6netimi dan\u0131\u015fmanl\u0131\u011f\u0131 ve uygulama hizmetleri sunmaktay\u0131z. Sanayi tesisleri, \u00fcretim i\u015fletmeleri ve farkl\u0131 sekt\u00f6rlerde faaliyet g\u00f6steren t\u00fcm kurulu\u015flarda olu\u015fan<\/p>\n\t\t\t\t<span class=\"overlay\"><\/span>\n\n\t\t\t\t<div class=\"posts-information\">\n\t\t\t\t\n\t\t\t\t<ul>\n\t\t\t\t\n\t\t\t\t\t\t\t\t<li><i class=\"fa fa-eye\"><\/i> 46<\/li>\n\t\t\t\t\t\t\t\t\n\t\t\t\t\t\t\t\t\t\t\t\t\t\t\t\t\n\t\t\t\t\n\t\t\t\t\t\t\t\t<li><i class=\"fa fa-calendar\"><\/i> 24 \u015eubat 2026<\/li>\n\t\t\t\t\t\t\t\t\n\t\t\t\t<li><a href=\"https:\/\/denizlercevre.com\/index.php\/2026\/02\/24\/atik-yonetimi-hizmetlerimiz\/\" title=\"At\u0131k Y\u00f6netimi Hizmetlerimiz\">DEVAMINI OKU<\/a>\n\t\t\t\t\n\t\t\t\t<\/ul>\n\t\t\t\t\n\t\t\t\t<\/div><!-- .posts-information -->\n\t\t\t\t\n\t\t\t\t<\/div><!-- .k-widget-4-post-detailsl \/-->\n\t\t\t\t\n\t\t\t<\/li>\n\t\t\t\t\t\t<li>\n\t\t\t\t<div class=\"post-thumbnail h-shine\">\n\t\t\t\t\t<a href=\"https:\/\/denizlercevre.com\/index.php\/2026\/02\/24\/sulak-alan-faaliyet-izin-belgesi\/\" title=\"Sulak Alan Faaliyet \u0130zin Belgesi\">\n\t\t\t\t\t<img loading=\"lazy\" decoding=\"async\" src=\"https:\/\/denizlercevre.com\/wp-content\/uploads\/2026\/02\/sulak-380x220.jpg\" title=\"Sulak Alan Faaliyet \u0130zin Belgesi\" alt=\"Sulak Alan Faaliyet \u0130zin Belgesi\" width=\"380\" height=\"220\" class=\"\" \/>\t\t\t\t<\/a>\t\t\n\t\t\t\t\n\t\t\t\t\t\t\t\t\t\t\t\t\t\t\t\t\n\t\t\t\t<div class=\"article-category\"><a href=\"https:\/\/denizlercevre.com\/index.php\/category\/hizmetler\/\">\n\t\t\t\tHizmetler<\/a>\n\t\t\t\t<\/div>\n\t\t\t\t\n\t\t\t\t<div class=\"article-post-format\"><i class=\"fa fa-text\"><\/i><\/div>\n\n\t\t\t\t\n\t\t\t\t<\/div><!-- post-thumbnail \/-->\n\t\n\t\t\t\n\n\t\t\t\n\t\t\t\t<div class=\"k-widget-4-post-details\">\n\t\t\t\n\t\t\t\t<a href=\"https:\/\/denizlercevre.com\/index.php\/2026\/02\/24\/sulak-alan-faaliyet-izin-belgesi\/\" title=\"Sulak Alan Faaliyet \u0130zin Belgesi\"><h3>Sulak Alan Faaliyet \u0130zin Belgesi<\/h3><\/a>\n\t\t\t\t<p class=\"post-excerpt\">Denizler \u00c7evre olarak; sulak alanlara yak\u0131n b\u00f6lgelerde faaliyet g\u00f6steren i\u015fletmeler ve yat\u0131r\u0131mc\u0131lar i\u00e7in Sulak Alan Faaliyet \u0130zin Belgesi dan\u0131\u015fmanl\u0131\u011f\u0131 hizmeti sunmaktay\u0131z. Sulak alanlar, \u00e7evresel a\u00e7\u0131dan korunmas\u0131 gereken hassas ekosistemlerdir. Bu<\/p>\n\t\t\t\t<span class=\"overlay\"><\/span>\n\n\t\t\t\t<div class=\"posts-information\">\n\t\t\t\t\n\t\t\t\t<ul>\n\t\t\t\t\n\t\t\t\t\t\t\t\t<li><i class=\"fa fa-eye\"><\/i> 46<\/li>\n\t\t\t\t\t\t\t\t\n\t\t\t\t\t\t\t\t\t\t\t\t\t\t\t\t\n\t\t\t\t\n\t\t\t\t\t\t\t\t<li><i class=\"fa fa-calendar\"><\/i> 24 \u015eubat 2026<\/li>\n\t\t\t\t\t\t\t\t\n\t\t\t\t<li><a href=\"https:\/\/denizlercevre.com\/index.php\/2026\/02\/24\/sulak-alan-faaliyet-izin-belgesi\/\" title=\"Sulak Alan Faaliyet \u0130zin Belgesi\">DEVAMINI OKU<\/a>\n\t\t\t\t\n\t\t\t\t<\/ul>\n\t\t\t\t\n\t\t\t\t<\/div><!-- .posts-information -->\n\t\t\t\t\n\t\t\t\t<\/div><!-- .k-widget-4-post-detailsl \/-->\n\t\t\t\t\n\t\t\t<\/li>\n\t\t\t\t\t\t<li>\n\t\t\t\t<div class=\"post-thumbnail h-shine\">\n\t\t\t\t\t<a href=\"https:\/\/denizlercevre.com\/index.php\/2026\/02\/24\/yatirim-tesvik-belgesi\/\" title=\"Yat\u0131r\u0131m Te\u015fvik Belgesi\">\n\t\t\t\t\t<img loading=\"lazy\" decoding=\"async\" src=\"https:\/\/denizlercevre.com\/wp-content\/uploads\/2026\/02\/YAT1-380x220.jpg\" title=\"Yat\u0131r\u0131m Te\u015fvik Belgesi\" alt=\"Yat\u0131r\u0131m Te\u015fvik Belgesi\" width=\"380\" height=\"220\" class=\"\" \/>\t\t\t\t<\/a>\t\t\n\t\t\t\t\n\t\t\t\t\t\t\t\t\t\t\t\t\t\t\t\t\n\t\t\t\t<div class=\"article-category\"><a href=\"https:\/\/denizlercevre.com\/index.php\/category\/hizmetler\/\">\n\t\t\t\tHizmetler<\/a>\n\t\t\t\t<\/div>\n\t\t\t\t\n\t\t\t\t<div class=\"article-post-format\"><i class=\"fa fa-text\"><\/i><\/div>\n\n\t\t\t\t\n\t\t\t\t<\/div><!-- post-thumbnail \/-->\n\t\n\t\t\t\n\n\t\t\t\n\t\t\t\t<div class=\"k-widget-4-post-details\">\n\t\t\t\n\t\t\t\t<a href=\"https:\/\/denizlercevre.com\/index.php\/2026\/02\/24\/yatirim-tesvik-belgesi\/\" title=\"Yat\u0131r\u0131m Te\u015fvik Belgesi\"><h3>Yat\u0131r\u0131m Te\u015fvik Belgesi<\/h3><\/a>\n\t\t\t\t<p class=\"post-excerpt\">Denizler \u00c7evre olarak, yat\u0131r\u0131m yapmak isteyen i\u015fletmelere y\u00f6nelik Yat\u0131r\u0131m Te\u015fvik Belgesi dan\u0131\u015fmanl\u0131\u011f\u0131 hizmeti sunuyor; devlet desteklerinden en \u00fcst d\u00fczeyde yararlanman\u0131z\u0131 sa\u011fl\u0131yoruz. Yat\u0131r\u0131m te\u015fvik belgesi; yeni yat\u0131r\u0131m yapacak veya kapasite art\u0131r\u0131m\u0131<\/p>\n\t\t\t\t<span class=\"overlay\"><\/span>\n\n\t\t\t\t<div class=\"posts-information\">\n\t\t\t\t\n\t\t\t\t<ul>\n\t\t\t\t\n\t\t\t\t\t\t\t\t<li><i class=\"fa fa-eye\"><\/i> 45<\/li>\n\t\t\t\t\t\t\t\t\n\t\t\t\t\t\t\t\t\t\t\t\t\t\t\t\t\n\t\t\t\t\n\t\t\t\t\t\t\t\t<li><i class=\"fa fa-calendar\"><\/i> 24 \u015eubat 2026<\/li>\n\t\t\t\t\t\t\t\t\n\t\t\t\t<li><a href=\"https:\/\/denizlercevre.com\/index.php\/2026\/02\/24\/yatirim-tesvik-belgesi\/\" title=\"Yat\u0131r\u0131m Te\u015fvik Belgesi\">DEVAMINI OKU<\/a>\n\t\t\t\t\n\t\t\t\t<\/ul>\n\t\t\t\t\n\t\t\t\t<\/div><!-- .posts-information -->\n\t\t\t\t\n\t\t\t\t<\/div><!-- .k-widget-4-post-detailsl \/-->\n\t\t\t\t\n\t\t\t<\/li>\n\t\t\t\t\t\t<li>\n\t\t\t\t<div class=\"post-thumbnail h-shine\">\n\t\t\t\t\t<a href=\"https:\/\/denizlercevre.com\/index.php\/2026\/02\/24\/atiksu-aritma-atiksu-proje-ve-su-geri-kazanimi\/\" title=\"At\u0131ksu Ar\u0131tma, At\u0131ksu Proje ve Su Geri Kazan\u0131m\u0131\">\n\t\t\t\t\t<img loading=\"lazy\" decoding=\"async\" src=\"https:\/\/denizlercevre.com\/wp-content\/uploads\/2026\/02\/atiksu-aritma-380x220.jpg\" title=\"At\u0131ksu Ar\u0131tma, At\u0131ksu Proje ve Su Geri Kazan\u0131m\u0131\" alt=\"At\u0131ksu Ar\u0131tma, At\u0131ksu Proje ve Su Geri Kazan\u0131m\u0131\" width=\"380\" height=\"220\" class=\"\" \/>\t\t\t\t<\/a>\t\t\n\t\t\t\t\n\t\t\t\t\t\t\t\t\t\t\t\t\t\t\t\t\n\t\t\t\t<div class=\"article-category\"><a href=\"https:\/\/denizlercevre.com\/index.php\/category\/hizmetler\/\">\n\t\t\t\tHizmetler<\/a>\n\t\t\t\t<\/div>\n\t\t\t\t\n\t\t\t\t<div class=\"article-post-format\"><i class=\"fa fa-text\"><\/i><\/div>\n\n\t\t\t\t\n\t\t\t\t<\/div><!-- post-thumbnail \/-->\n\t\n\t\t\t\n\n\t\t\t\n\t\t\t\t<div class=\"k-widget-4-post-details\">\n\t\t\t\n\t\t\t\t<a href=\"https:\/\/denizlercevre.com\/index.php\/2026\/02\/24\/atiksu-aritma-atiksu-proje-ve-su-geri-kazanimi\/\" title=\"At\u0131ksu Ar\u0131tma, At\u0131ksu Proje ve Su Geri Kazan\u0131m\u0131\"><h3>At\u0131ksu Ar\u0131tma, At\u0131ksu Proje ve Su Geri Kazan\u0131m\u0131<\/h3><\/a>\n\t\t\t\t<p class=\"post-excerpt\">Denizler \u00c7evre olarak; sanayi tesisleri, \u00fcretim i\u015fletmeleri ve t\u00fcm end\u00fcstriyel kurulu\u015flara y\u00f6nelik at\u0131ksu ar\u0131tma sistemleri, at\u0131ksu projelendirme ve su geri kazan\u0131m dan\u0131\u015fmanl\u0131\u011f\u0131 hizmetleri sunmaktay\u0131z. G\u00fcn\u00fcm\u00fczde su kaynaklar\u0131n\u0131n korunmas\u0131, s\u00fcrd\u00fcr\u00fclebilir \u00fcretim<\/p>\n\t\t\t\t<span class=\"overlay\"><\/span>\n\n\t\t\t\t<div class=\"posts-information\">\n\t\t\t\t\n\t\t\t\t<ul>\n\t\t\t\t\n\t\t\t\t\t\t\t\t<li><i class=\"fa fa-eye\"><\/i> 50<\/li>\n\t\t\t\t\t\t\t\t\n\t\t\t\t\t\t\t\t\t\t\t\t\t\t\t\t\n\t\t\t\t\n\t\t\t\t\t\t\t\t<li><i class=\"fa fa-calendar\"><\/i> 24 \u015eubat 2026<\/li>\n\t\t\t\t\t\t\t\t\n\t\t\t\t<li><a href=\"https:\/\/denizlercevre.com\/index.php\/2026\/02\/24\/atiksu-aritma-atiksu-proje-ve-su-geri-kazanimi\/\" title=\"At\u0131ksu Ar\u0131tma, At\u0131ksu Proje ve Su Geri Kazan\u0131m\u0131\">DEVAMINI OKU<\/a>\n\t\t\t\t\n\t\t\t\t<\/ul>\n\t\t\t\t\n\t\t\t\t<\/div><!-- .posts-information -->\n\t\t\t\t\n\t\t\t\t<\/div><!-- .k-widget-4-post-detailsl \/-->\n\t\t\t\t\n\t\t\t<\/li>\n\t\t\t\t\t\t<li>\n\t\t\t\t<div class=\"post-thumbnail h-shine\">\n\t\t\t\t\t<a href=\"https:\/\/denizlercevre.com\/index.php\/2026\/02\/24\/ced-hizmetleri\/\" title=\"\u00c7ED Hizmetleri\">\n\t\t\t\t\t<img loading=\"lazy\" decoding=\"async\" src=\"https:\/\/denizlercevre.com\/wp-content\/uploads\/2026\/02\/ced-hizmet-380x220.jpg\" title=\"\u00c7ED Hizmetleri\" alt=\"\u00c7ED Hizmetleri\" width=\"380\" height=\"220\" class=\"\" \/>\t\t\t\t<\/a>\t\t\n\t\t\t\t\n\t\t\t\t\t\t\t\t\t\t\t\t\t\t\t\t\n\t\t\t\t<div class=\"article-category\"><a href=\"https:\/\/denizlercevre.com\/index.php\/category\/hizmetler\/\">\n\t\t\t\tHizmetler<\/a>\n\t\t\t\t<\/div>\n\t\t\t\t\n\t\t\t\t<div class=\"article-post-format\"><i class=\"fa fa-text\"><\/i><\/div>\n\n\t\t\t\t\n\t\t\t\t<\/div><!-- post-thumbnail \/-->\n\t\n\t\t\t\n\n\t\t\t\n\t\t\t\t<div class=\"k-widget-4-post-details\">\n\t\t\t\n\t\t\t\t<a href=\"https:\/\/denizlercevre.com\/index.php\/2026\/02\/24\/ced-hizmetleri\/\" title=\"\u00c7ED Hizmetleri\"><h3>\u00c7ED Hizmetleri<\/h3><\/a>\n\t\t\t\t<p class=\"post-excerpt\">Denizler \u00c7evre olarak; yat\u0131r\u0131m projeleri i\u00e7in zorunlu olan \u00c7ED (\u00c7evresel Etki De\u011ferlendirme) dan\u0131\u015fmanl\u0131\u011f\u0131 hizmetlerini profesyonel, h\u0131zl\u0131 ve mevzuata uygun \u015fekilde y\u00fcr\u00fctmekteyiz. \u00c7ED s\u00fcreci; planlanan projelerin \u00e7evre \u00fczerindeki olas\u0131 etkilerinin belirlenmesi,<\/p>\n\t\t\t\t<span class=\"overlay\"><\/span>\n\n\t\t\t\t<div class=\"posts-information\">\n\t\t\t\t\n\t\t\t\t<ul>\n\t\t\t\t\n\t\t\t\t\t\t\t\t<li><i class=\"fa fa-eye\"><\/i> 48<\/li>\n\t\t\t\t\t\t\t\t\n\t\t\t\t\t\t\t\t\t\t\t\t\t\t\t\t\n\t\t\t\t\n\t\t\t\t\t\t\t\t<li><i class=\"fa fa-calendar\"><\/i> 24 \u015eubat 2026<\/li>\n\t\t\t\t\t\t\t\t\n\t\t\t\t<li><a href=\"https:\/\/denizlercevre.com\/index.php\/2026\/02\/24\/ced-hizmetleri\/\" title=\"\u00c7ED Hizmetleri\">DEVAMINI OKU<\/a>\n\t\t\t\t\n\t\t\t\t<\/ul>\n\t\t\t\t\n\t\t\t\t<\/div><!-- .posts-information -->\n\t\t\t\t\n\t\t\t\t<\/div><!-- .k-widget-4-post-detailsl \/-->\n\t\t\t\t\n\t\t\t<\/li>\n\t\n\t<\/ul>\n\t<\/section>\n\t\n\t\t<div class=\"clear\"><\/div>\n\t<\/div><\/div><div id=\"pgc-253-1-1\"  class=\"panel-grid-cell k-sticky-sidebar-container\" ><\/div><\/div><\/div>","protected":false},"excerpt":{"rendered":"<p>Genel 50 24 \u015eubat 2026 Genel 44 02 Haziran 2021 Genel 51 02 Haziran 2021 Hizmetler At\u0131k Y\u00f6netimi Hizmetlerimiz Denizler \u00c7evre olarak i\u015fletmelerin \u00e7evre mevzuat\u0131na tam uyum sa\u011flamas\u0131 i\u00e7in profesyonel at\u0131k y\u00f6netimi dan\u0131\u015fmanl\u0131\u011f\u0131 ve uygulama hizmetleri sunmaktay\u0131z. Sanayi tesisleri, \u00fcretim i\u015fletmeleri ve farkl\u0131 sekt\u00f6rlerde faaliyet g\u00f6steren t\u00fcm kurulu\u015flarda olu\u015fan 46 24 \u015eubat 2026 DEVAMINI OKU [&hellip;]<\/p>\n","protected":false},"author":1,"featured_media":0,"parent":0,"menu_order":0,"comment_status":"closed","ping_status":"closed","template":"page-front-page.php","meta":{"footnotes":""},"class_list":["post-253","page","type-page","status-publish","hentry"],"aioseo_notices":[],"_links":{"self":[{"href":"https:\/\/denizlercevre.com\/index.php\/wp-json\/wp\/v2\/pages\/253","targetHints":{"allow":["GET"]}}],"collection":[{"href":"https:\/\/denizlercevre.com\/index.php\/wp-json\/wp\/v2\/pages"}],"about":[{"href":"https:\/\/denizlercevre.com\/index.php\/wp-json\/wp\/v2\/types\/page"}],"author":[{"embeddable":true,"href":"https:\/\/denizlercevre.com\/index.php\/wp-json\/wp\/v2\/users\/1"}],"replies":[{"embeddable":true,"href":"https:\/\/denizlercevre.com\/index.php\/wp-json\/wp\/v2\/comments?post=253"}],"version-history":[{"count":6,"href":"https:\/\/denizlercevre.com\/index.php\/wp-json\/wp\/v2\/pages\/253\/revisions"}],"predecessor-version":[{"id":540,"href":"https:\/\/denizlercevre.com\/index.php\/wp-json\/wp\/v2\/pages\/253\/revisions\/540"}],"wp:attachment":[{"href":"https:\/\/denizlercevre.com\/index.php\/wp-json\/wp\/v2\/media?parent=253"}],"curies":[{"name":"wp","href":"https:\/\/api.w.org\/{rel}","templated":true}]}}