{"id":12,"date":"2021-05-26T11:32:37","date_gmt":"2021-05-26T08:32:37","guid":{"rendered":"https:\/\/kemalcizoglu.com.tr\/kayra1\/?page_id=12"},"modified":"2026-04-16T10:40:48","modified_gmt":"2026-04-16T10:40:48","slug":"iletisim","status":"publish","type":"page","link":"https:\/\/denizlercevre.com\/index.php\/iletisim\/","title":{"rendered":"\u0130leti\u015fim"},"content":{"rendered":"<p data-start=\"0\" data-end=\"99\">DEN\u0130ZLER \u00c7EVRE MADENC\u0130L\u0130K M\u00dcHEND\u0130SL\u0130K M\u00dc\u015eAV\u0130RL\u0130K VE \u0130N\u015eAAT SANAY\u0130 T\u0130CARET L\u0130M\u0130TED \u015e\u0130RKET\u0130<\/p>\n<p data-start=\"131\" data-end=\"174\">Kurulu\u015f Tarihi: 25 A\u011fustos 2008<\/p>\n<p data-start=\"176\" data-end=\"232\">Ticaret Odas\u0131: ISPARTA T\u0130CARET VE SANAY\u0130 ODASI KAYITLI<\/p>\n<p data-start=\"337\" data-end=\"421\">\u0130\u015fletme Adresi: YAYLA MAHALLES\u0130 1605 SOKAK \u015eEH\u0130T POL\u0130S SEZG\u0130N ULUDA\u011e SOKAK NO: 12\/12<br data-start=\"68\" data-end=\"71\" \/>TELEFON: 0546 746 88 11 \/ 0246 218 77 97<\/p>\n<p data-start=\"423\" data-end=\"453\">\u0130l\u00e7e \/ \u0130l: ISPARTA \/ ISPARTA<\/p>\n<p data-start=\"455\" data-end=\"468\" data-is-last-node=\"\" data-is-only-node=\"\">\u00dclke: T\u00dcRK\u0130YE<\/p>\n","protected":false},"excerpt":{"rendered":"<p>DEN\u0130ZLER \u00c7EVRE MADENC\u0130L\u0130K M\u00dcHEND\u0130SL\u0130K M\u00dc\u015eAV\u0130RL\u0130K VE \u0130N\u015eAAT SANAY\u0130 T\u0130CARET L\u0130M\u0130TED \u015e\u0130RKET\u0130 Kurulu\u015f Tarihi: 25 A\u011fustos 2008 Ticaret Odas\u0131: ISPARTA T\u0130CARET VE SANAY\u0130 ODASI KAYITLI \u0130\u015fletme Adresi: YAYLA MAHALLES\u0130 1605 SOKAK \u015eEH\u0130T POL\u0130S SEZG\u0130N ULUDA\u011e SOKAK NO: 12\/12TELEFON: 0546 746 88 11 \/ 0246 218 77 97 \u0130l\u00e7e \/ \u0130l: ISPARTA \/ ISPARTA \u00dclke: T\u00dcRK\u0130YE<\/p>\n","protected":false},"author":1,"featured_media":0,"parent":0,"menu_order":0,"comment_status":"closed","ping_status":"closed","template":"","meta":{"footnotes":""},"class_list":["post-12","page","type-page","status-publish","hentry"],"aioseo_notices":[],"_links":{"self":[{"href":"https:\/\/denizlercevre.com\/index.php\/wp-json\/wp\/v2\/pages\/12","targetHints":{"allow":["GET"]}}],"collection":[{"href":"https:\/\/denizlercevre.com\/index.php\/wp-json\/wp\/v2\/pages"}],"about":[{"href":"https:\/\/denizlercevre.com\/index.php\/wp-json\/wp\/v2\/types\/page"}],"author":[{"embeddable":true,"href":"https:\/\/denizlercevre.com\/index.php\/wp-json\/wp\/v2\/users\/1"}],"replies":[{"embeddable":true,"href":"https:\/\/denizlercevre.com\/index.php\/wp-json\/wp\/v2\/comments?post=12"}],"version-history":[{"count":4,"href":"https:\/\/denizlercevre.com\/index.php\/wp-json\/wp\/v2\/pages\/12\/revisions"}],"predecessor-version":[{"id":446,"href":"https:\/\/denizlercevre.com\/index.php\/wp-json\/wp\/v2\/pages\/12\/revisions\/446"}],"wp:attachment":[{"href":"https:\/\/denizlercevre.com\/index.php\/wp-json\/wp\/v2\/media?parent=12"}],"curies":[{"name":"wp","href":"https:\/\/api.w.org\/{rel}","templated":true}]}}